{"id":101,"date":"2017-12-22T12:51:21","date_gmt":"2017-12-22T11:51:21","guid":{"rendered":"http:\/\/rafting-hakunamatata.com\/?page_id=101"},"modified":"2025-04-23T19:53:06","modified_gmt":"2025-04-23T17:53:06","slug":"contact","status":"publish","type":"page","link":"https:\/\/www.rafting-hakunamatata.com\/en\/contact\/","title":{"rendered":"Contact Hakuna Matata activit\u00e9s eaux vives Embrun"},"content":{"rendered":"<div class=\"wpb-content-wrapper\"><div class=\"vc_row wpb_row vc_row-fluid vc_custom_1615907873647 shape_divider_top-none shape_divider_bottom-none\"><div class=\"wpb_column vc_column_container vc_col-sm-12 sc_layouts_column_icons_position_left\"><div class=\"vc_column-inner\"><div class=\"wpb_wrapper\"><div id=\"sc_title_1153622825\"\n\t\tclass=\"sc_title color_style_default sc_title_default\"><h2 class=\"sc_item_title sc_title_title sc_align_center sc_item_title_style_default\">Nous contacter - Hakuna Matata Embrun<br \/>\nraft - Kayak - hydropseed<\/h2><h6 class=\"sc_item_subtitle sc_title_subtitle sc_align_center sc_item_title_style_default\">How to find us ?<\/h6><\/div><!-- \/.sc_title --><div class=\"vc_empty_space\"   style=\"height: 4vw\"><span class=\"vc_empty_space_inner\"><\/span><\/div><div id=\"sc_icons_1623612129\" \n\tclass=\"sc_icons sc_icons_modern sc_icons_size_large sc_align_center\"><div class=\"sc_icons_columns_wrap sc_item_columns trx_addons_columns_wrap columns_padding_bottom\"><div class=\"trx_addons_column-1_3\"><div class=\"sc_icons_item\"><div id=\"sc_icons_1623612129_icon-placeholder\" class=\"sc_icons_icon sc_icon_type_ icon-placeholder\"\n\t\t\t\t\t\t style=\"color: #f2682a\"\t\t\t\t\t\t><span class=\"sc_icon_type_ icon-placeholder\" style=\"color: #f2682a\"><\/span><\/div><h4 class=\"sc_icons_item_title\"><span>Address<\/span><\/h4><div class=\"sc_icons_item_description\"><span>Camping de la Tour<\/span><span>Route de la Madeleine<\/span><span>05200 - EMBRUN<\/span><\/div><\/div><\/div><div class=\"trx_addons_column-1_3\"><div class=\"sc_icons_item\"><div id=\"sc_icons_1623612129_icon-phone-call\" class=\"sc_icons_icon sc_icon_type_ icon-phone-call\"\n\t\t\t\t\t\t style=\"color: #f2682a\"\t\t\t\t\t\t><span class=\"sc_icon_type_ icon-phone-call\" style=\"color: #f2682a\"><\/span><\/div><h4 class=\"sc_icons_item_title\"><span>Phone<\/span><\/h4><div class=\"sc_icons_item_description\"><span><a href=\"tel:06 86 13 84 08\">06 86 13 84 08<\/a><\/span><\/div><\/div><\/div><div class=\"trx_addons_column-1_3\"><div class=\"sc_icons_item\"><div id=\"sc_icons_1623612129_icon-email-1\" class=\"sc_icons_icon sc_icon_type_ icon-email-1\"\n\t\t\t\t\t\t style=\"color: #f2682a\"\t\t\t\t\t\t><span class=\"sc_icon_type_ icon-email-1\" style=\"color: #f2682a\"><\/span><\/div><h4 class=\"sc_icons_item_title\"><span>Email<\/span><\/h4><div class=\"sc_icons_item_description\"><span><a href=\"mailto:hakunamatata.rafting@gmail.com\">hakunamatata.rafting@gmail.com<\/a><\/span><\/div><\/div><\/div><\/div><\/div><!-- \/.sc_icons --><\/div><\/div><\/div><\/div><div data-vc-full-width=\"true\" data-vc-full-width-init=\"false\" data-vc-stretch-content=\"true\" class=\"vc_row wpb_row vc_row-fluid vc_row-no-padding shape_divider_top-none shape_divider_bottom-none\"><div class=\"wpb_column vc_column_container vc_col-sm-12 sc_layouts_column_icons_position_left\"><div class=\"vc_column-inner\"><div class=\"wpb_wrapper\"><div class=\"vc_empty_space\"   style=\"height: 2vw\"><span class=\"vc_empty_space_inner\"><\/span><\/div><div id=\"sc_googlemap_1545331251_wrap\" class=\"sc_googlemap_wrap\"><div id=\"sc_googlemap_1545331251\"\n\t\t\tclass=\"sc_googlemap sc_googlemap_default trx_addons_inline_871564251\"\n\t\t\t\t\t\tdata-zoom=\"14\"\n\t\t\tdata-center=\"\"\n\t\t\tdata-style=\"default\"\n\t\t\tdata-cluster-icon=\"\"\n\t\t\t><iframe\n                    src=\"https:\/\/maps.google.com\/maps?t=m&output=embed&iwloc=near&z=14&q=44.555475,6.506175\"\n                    aria-label=\"Hakuna Matata Rafting\"><\/iframe><\/div><\/div><!-- \/.sc_googlemap_wrap --><\/div><\/div><\/div><\/div><div class=\"vc_row-full-width vc_clearfix\"><\/div><div data-vc-full-width=\"true\" data-vc-full-width-init=\"false\" class=\"vc_row wpb_row vc_row-fluid vc_custom_1514468576498 vc_row-has-fill shape_divider_top-none shape_divider_bottom-none\"><div class=\"wpb_column vc_column_container vc_col-sm-12 sc_layouts_column_icons_position_left\"><div class=\"vc_column-inner\"><div class=\"wpb_wrapper\"><div class=\"vc_empty_space\"   style=\"height: 4vw\"><span class=\"vc_empty_space_inner\"><\/span><\/div><div id=\"sc_title_1977001506\"\n\t\tclass=\"sc_title color_style_default sc_title_default\"><h2 class=\"sc_item_title sc_title_title sc_align_center sc_item_title_style_default\">Any questions ?<\/h2><h6 class=\"sc_item_subtitle sc_title_subtitle sc_align_center sc_item_title_style_default\">Please feel free to contact us<\/h6><\/div><!-- \/.sc_title --><\/div><\/div><\/div><div class=\"wpb_column vc_column_container vc_col-sm-12 sc_layouts_column sc_layouts_column_align_center sc_layouts_column_icons_position_left\"><div class=\"vc_column-inner\"><div class=\"wpb_wrapper\"><div class=\"vc_empty_space  hide_on_mobile\"   style=\"height: 4vw\"><span class=\"vc_empty_space_inner\"><\/span><\/div>\n<div class=\"wpcf7 no-js\" id=\"wpcf7-f662-o1\" lang=\"en-US\" dir=\"ltr\" data-wpcf7-id=\"662\">\n<div class=\"screen-reader-response\"><p role=\"status\" aria-live=\"polite\" aria-atomic=\"true\"><\/p> <ul><\/ul><\/div>\n<form action=\"\/en\/wp-json\/wp\/v2\/pages\/101#wpcf7-f662-o1\" method=\"post\" class=\"wpcf7-form init\" aria-label=\"Contact form\" novalidate=\"novalidate\" data-status=\"init\" data-trp-original-action=\"\/en\/wp-json\/wp\/v2\/pages\/101#wpcf7-f662-o1\">\n<fieldset class=\"hidden-fields-container\"><input type=\"hidden\" name=\"_wpcf7\" value=\"662\" \/><input type=\"hidden\" name=\"_wpcf7_version\" value=\"6.1.5\" \/><input type=\"hidden\" name=\"_wpcf7_locale\" value=\"en_US\" \/><input type=\"hidden\" name=\"_wpcf7_unit_tag\" value=\"wpcf7-f662-o1\" \/><input type=\"hidden\" name=\"_wpcf7_container_post\" value=\"0\" \/><input type=\"hidden\" name=\"_wpcf7_posted_data_hash\" value=\"\" \/><input type=\"hidden\" name=\"_wpcf7_recaptcha_response\" value=\"\" \/>\n<\/fieldset>\n<div class=\"cf_columns light\">\n\t<div class=\"cf_column-1_4\">\n\t\t<p><label> Name*<br \/>\n<span class=\"wpcf7-form-control-wrap\" data-name=\"your-name\"><input size=\"40\" maxlength=\"400\" class=\"wpcf7-form-control wpcf7-text wpcf7-validates-as-required\" aria-required=\"true\" aria-invalid=\"false\" placeholder=\"Nom\" value=\"\" type=\"text\" name=\"your-name\" \/><\/span> <\/label>\n\t\t<\/p>\n\t<\/div>\n\t<div class=\"cf_column-1_4\">\n\t\t<p><label> Email*<br \/>\n<span class=\"wpcf7-form-control-wrap\" data-name=\"your-email\"><input size=\"40\" maxlength=\"400\" class=\"wpcf7-form-control wpcf7-email wpcf7-validates-as-required wpcf7-text wpcf7-validates-as-email\" aria-required=\"true\" aria-invalid=\"false\" placeholder=\"yourmail@info.com\" value=\"\" type=\"email\" name=\"your-email\" \/><\/span> <\/label>\n\t\t<\/p>\n\t<\/div>\n\t<div class=\"cf_column-1_4\">\n\t\t<p><label> Phone*<br \/>\n<span class=\"wpcf7-form-control-wrap\" data-name=\"phone-number\"><input size=\"40\" maxlength=\"400\" class=\"wpcf7-form-control wpcf7-text wpcf7-validates-as-required\" aria-required=\"true\" aria-invalid=\"false\" placeholder=\"+336 86 13 84 08\" value=\"\" type=\"text\" name=\"phone-number\" \/><\/span> <\/label>\n\t\t<\/p>\n\t<\/div>\n\t<div class=\"cf_column-1_4\">\n\t\t<p><label> Activities<br \/>\n<span class=\"wpcf7-form-control-wrap\" data-name=\"activity\"><select class=\"wpcf7-form-control wpcf7-select\" aria-invalid=\"false\" name=\"activity\"><option value=\"Toutes\">Toutes<\/option><option value=\"Rafting\">Rafting<\/option><option value=\"Airboat\">Inflatable Kayaks<\/option><option value=\"Hydrospeed\">Hydrospeed<\/option><option value=\"Kayak\">Kayak<\/option><option value=\"Stand Up Paddle G\u00e9ant\">Giant Stand Up Paddle<\/option><option value=\"Ap\u00e9ro&#039;Raft\">Ap\u00e9ro&#039;Raft<\/option><option value=\"Raft &#039;N Bike\">Raft &#039;N Bike<\/option><option value=\"Descente Gourmante\">Descente Gourmante<\/option><\/select><\/span><br \/>\n<\/label>\n\t\t<\/p>\n\t<\/div>\n<\/div>\n<div class=\"cf_columns light\">\n\t<div class=\"cf_column-1_8\">\n\t\t<p><label> Available from<br \/>\n<span class=\"wpcf7-form-control-wrap\" data-name=\"dispo-de\"><input size=\"40\" maxlength=\"400\" class=\"wpcf7-form-control wpcf7-text datefield\" aria-invalid=\"false\" placeholder=\"Select\" value=\"\" type=\"text\" name=\"dispo-de\" \/><\/span> <\/label>\n\t\t<\/p>\n\t<\/div>\n\t<div class=\"cf_column-1_8\">\n\t\t<p><label> To<br \/>\n<span class=\"wpcf7-form-control-wrap\" data-name=\"dispo-a\"><input size=\"40\" maxlength=\"400\" class=\"wpcf7-form-control wpcf7-text datefield\" aria-invalid=\"false\" placeholder=\"Select\" value=\"\" type=\"text\" name=\"dispo-a\" \/><\/span> <\/label>\n\t\t<\/p>\n\t<\/div>\n\t<div class=\"cf_column-1_4\">\n\t\t<p><label> Number of Adults<br \/>\n<span class=\"wpcf7-form-control-wrap\" data-name=\"number-adults\"><input size=\"40\" maxlength=\"400\" class=\"wpcf7-form-control wpcf7-text\" aria-invalid=\"false\" placeholder=\"\" value=\"\" type=\"text\" name=\"number-adults\" \/><\/span> <\/label>\n\t\t<\/p>\n\t<\/div>\n\t<div class=\"cf_column-1_4\">\n\t\t<p><label> Number of children<br \/>\n<span class=\"wpcf7-form-control-wrap\" data-name=\"number-children\"><input size=\"40\" maxlength=\"400\" class=\"wpcf7-form-control wpcf7-text\" aria-invalid=\"false\" placeholder=\"\" value=\"\" type=\"text\" name=\"number-children\" \/><\/span> <\/label>\n\t\t<\/p>\n\t<\/div>\n\t<div class=\"cf_column-1_4\">\n\t\t<div class=\"empty\">\n\t\t<\/div>\n\t\t<p><input class=\"wpcf7-form-control wpcf7-submit has-spinner\" type=\"submit\" value=\"Get in touch - Book\" \/>\n\t\t<\/p>\n\t<\/div>\n\t<div class=\"agree\">\n\t\t<p><span class=\"wpcf7-form-control-wrap\" data-name=\"acceptance-825\"><span class=\"wpcf7-form-control wpcf7-acceptance\"><span class=\"wpcf7-list-item\"><label><input type=\"checkbox\" name=\"acceptance-825\" value=\"1\" aria-invalid=\"false\" \/><span class=\"wpcf7-list-item-label\">I agree to the collection and storage of the data I have provided.<\/span><\/label><\/span><\/span><\/span>\n\t\t<\/p>\n\t<\/div>\n<\/div><div class=\"wpcf7-response-output\" aria-hidden=\"true\"><\/div>\n<input type=\"hidden\" name=\"trp-form-language\" value=\"en\"\/><\/form>\n<\/div>\n<div class=\"vc_empty_space  hide_on_mobile\"   style=\"height: 4vw\"><span class=\"vc_empty_space_inner\"><\/span><\/div><\/div><\/div><\/div><\/div><div class=\"vc_row-full-width vc_clearfix\"><\/div>\n<\/div>","protected":false},"excerpt":{"rendered":"Nous contacter - Hakuna Matata Embrun raft - Kayak - hydropseedComment nous trouver ?AdresseCamping de la TourRoute de la Madeleine05200 - EMBRUNT\u00e9l\u00e9phone06 86 13 84 08Emailhakunamatata.rafting@gmail.comVous avez des questions ?N'h\u00e9sitez pas \u00e0 nous contacter Votre Nom* Votre Email* T\u00e9l\u00e9phone* Activit\u00e9e(s) ToutesRaftingAirboatHydrospeedKayakStand Up Paddle G\u00e9antAp\u00e9ro&#039;RaftRaft &#039;N BikeDescente Gourmante Disponible du Jusqu'au Nombre d'adulte Nombre d'enfant J'accepte que les donn\u00e9es que j'ai&hellip;","protected":false},"author":1,"featured_media":0,"parent":0,"menu_order":0,"comment_status":"closed","ping_status":"closed","template":"","meta":{"footnotes":""},"class_list":["post-101","page","type-page","status-publish","hentry"],"yoast_head":"<!-- This site is optimized with the Yoast SEO plugin v27.5 - https:\/\/yoast.com\/product\/yoast-seo-wordpress\/ -->\n<title>Contact Hakuna Matata Rafting Embrun - R\u00e9server votre session raft<\/title>\n<meta name=\"description\" content=\"Contact et coordonn\u00e9es Hakuna Matata Rafting Embrun. R\u00e9server votre session activit\u00e9s eaux vivies raft, hydrospeed, cano\u00eb...\" \/>\n<meta name=\"robots\" content=\"index, follow, max-snippet:-1, max-image-preview:large, max-video-preview:-1\" \/>\n<link rel=\"canonical\" href=\"https:\/\/www.rafting-hakunamatata.com\/en\/contact\/\" \/>\n<meta property=\"og:locale\" content=\"en_GB\" \/>\n<meta property=\"og:type\" content=\"article\" \/>\n<meta property=\"og:title\" content=\"Contact Hakuna Matata Rafting Embrun - R\u00e9server votre session raft\" \/>\n<meta property=\"og:description\" content=\"Contact et coordonn\u00e9es Hakuna Matata Rafting Embrun. R\u00e9server votre session activit\u00e9s eaux vivies raft, hydrospeed, cano\u00eb...\" \/>\n<meta property=\"og:url\" content=\"https:\/\/www.rafting-hakunamatata.com\/en\/contact\/\" \/>\n<meta property=\"og:site_name\" content=\"Hakuna Matata Rafting - Embrun Durance\" \/>\n<meta property=\"article:publisher\" content=\"https:\/\/www.facebook.com\/Hakuna-Matata-Rafting-306564366088162\/\" \/>\n<meta property=\"article:modified_time\" content=\"2025-04-23T17:53:06+00:00\" \/>\n<meta property=\"og:image\" content=\"https:\/\/www.rafting-hakunamatata.com\/wp-content\/uploads\/2021\/03\/DSC_4717-scaled.jpg\" \/>\n\t<meta property=\"og:image:width\" content=\"2560\" \/>\n\t<meta property=\"og:image:height\" content=\"1709\" \/>\n\t<meta property=\"og:image:type\" content=\"image\/jpeg\" \/>\n<meta name=\"twitter:card\" content=\"summary_large_image\" \/>\n<meta name=\"twitter:label1\" content=\"Estimated reading time\" \/>\n\t<meta name=\"twitter:data1\" content=\"2 minutes\" \/>\n<script type=\"application\/ld+json\" class=\"yoast-schema-graph\">{\"@context\":\"https:\\\/\\\/schema.org\",\"@graph\":[{\"@type\":[\"WebPage\",\"ContactPage\"],\"@id\":\"https:\\\/\\\/www.rafting-hakunamatata.com\\\/contact\\\/\",\"url\":\"https:\\\/\\\/www.rafting-hakunamatata.com\\\/contact\\\/\",\"name\":\"Contact Hakuna Matata Rafting Embrun - R\u00e9server votre session raft\",\"isPartOf\":{\"@id\":\"https:\\\/\\\/www.rafting-hakunamatata.com\\\/#website\"},\"datePublished\":\"2017-12-22T11:51:21+00:00\",\"dateModified\":\"2025-04-23T17:53:06+00:00\",\"description\":\"Contact et coordonn\u00e9es Hakuna Matata Rafting Embrun. R\u00e9server votre session activit\u00e9s eaux vivies raft, hydrospeed, cano\u00eb...\",\"breadcrumb\":{\"@id\":\"https:\\\/\\\/www.rafting-hakunamatata.com\\\/contact\\\/#breadcrumb\"},\"inLanguage\":\"en-GB\",\"potentialAction\":[{\"@type\":\"ReadAction\",\"target\":[\"https:\\\/\\\/www.rafting-hakunamatata.com\\\/contact\\\/\"]}]},{\"@type\":\"BreadcrumbList\",\"@id\":\"https:\\\/\\\/www.rafting-hakunamatata.com\\\/contact\\\/#breadcrumb\",\"itemListElement\":[{\"@type\":\"ListItem\",\"position\":1,\"name\":\"Accueil\",\"item\":\"https:\\\/\\\/www.rafting-hakunamatata.com\\\/\"},{\"@type\":\"ListItem\",\"position\":2,\"name\":\"Contact Hakuna Matata activit\u00e9s eaux vives Embrun\"}]},{\"@type\":\"WebSite\",\"@id\":\"https:\\\/\\\/www.rafting-hakunamatata.com\\\/#website\",\"url\":\"https:\\\/\\\/www.rafting-hakunamatata.com\\\/\",\"name\":\"Hakuna Matata Rafting - Embrun Durance\",\"description\":\"Rafting, Airboat, Hydrospeed, Stand-up Paddle G\u00e9ant, Embarquez pour l&#039;aventure !\",\"publisher\":{\"@id\":\"https:\\\/\\\/www.rafting-hakunamatata.com\\\/#organization\"},\"potentialAction\":[{\"@type\":\"SearchAction\",\"target\":{\"@type\":\"EntryPoint\",\"urlTemplate\":\"https:\\\/\\\/www.rafting-hakunamatata.com\\\/?s={search_term_string}\"},\"query-input\":{\"@type\":\"PropertyValueSpecification\",\"valueRequired\":true,\"valueName\":\"search_term_string\"}}],\"inLanguage\":\"en-GB\"},{\"@type\":\"Organization\",\"@id\":\"https:\\\/\\\/www.rafting-hakunamatata.com\\\/#organization\",\"name\":\"Hakuna Matata Rafting\",\"url\":\"https:\\\/\\\/www.rafting-hakunamatata.com\\\/\",\"logo\":{\"@type\":\"ImageObject\",\"inLanguage\":\"en-GB\",\"@id\":\"https:\\\/\\\/www.rafting-hakunamatata.com\\\/#\\\/schema\\\/logo\\\/image\\\/\",\"url\":\"https:\\\/\\\/www.rafting-hakunamatata.com\\\/wp-content\\\/uploads\\\/2021\\\/01\\\/HakunaMatata-Rafting_logo.png\",\"contentUrl\":\"https:\\\/\\\/www.rafting-hakunamatata.com\\\/wp-content\\\/uploads\\\/2021\\\/01\\\/HakunaMatata-Rafting_logo.png\",\"width\":196,\"height\":54,\"caption\":\"Hakuna Matata Rafting\"},\"image\":{\"@id\":\"https:\\\/\\\/www.rafting-hakunamatata.com\\\/#\\\/schema\\\/logo\\\/image\\\/\"},\"sameAs\":[\"https:\\\/\\\/www.facebook.com\\\/Hakuna-Matata-Rafting-306564366088162\\\/\",\"https:\\\/\\\/www.instagram.com\\\/hakunamatatarafting\\\/\",\"http:\\\/\\\/www.youtube.com\\\/channel\\\/UCXjzsvWJUT6Vq1NX6bNWyIg\\\/videos\"]}]}<\/script>\n<!-- \/ Yoast SEO plugin. -->","yoast_head_json":{"title":"Contact Hakuna Matata Rafting Embrun - R\u00e9server votre session raft","description":"Contact et coordonn\u00e9es Hakuna Matata Rafting Embrun. R\u00e9server votre session activit\u00e9s eaux vivies raft, hydrospeed, cano\u00eb...","robots":{"index":"index","follow":"follow","max-snippet":"max-snippet:-1","max-image-preview":"max-image-preview:large","max-video-preview":"max-video-preview:-1"},"canonical":"https:\/\/www.rafting-hakunamatata.com\/en\/contact\/","og_locale":"en_GB","og_type":"article","og_title":"Contact Hakuna Matata Rafting Embrun - R\u00e9server votre session raft","og_description":"Contact et coordonn\u00e9es Hakuna Matata Rafting Embrun. R\u00e9server votre session activit\u00e9s eaux vivies raft, hydrospeed, cano\u00eb...","og_url":"https:\/\/www.rafting-hakunamatata.com\/en\/contact\/","og_site_name":"Hakuna Matata Rafting - Embrun Durance","article_publisher":"https:\/\/www.facebook.com\/Hakuna-Matata-Rafting-306564366088162\/","article_modified_time":"2025-04-23T17:53:06+00:00","og_image":[{"width":2560,"height":1709,"url":"https:\/\/www.rafting-hakunamatata.com\/wp-content\/uploads\/2021\/03\/DSC_4717-scaled.jpg","type":"image\/jpeg"}],"twitter_card":"summary_large_image","twitter_misc":{"Estimated reading time":"2 minutes"},"schema":{"@context":"https:\/\/schema.org","@graph":[{"@type":["WebPage","ContactPage"],"@id":"https:\/\/www.rafting-hakunamatata.com\/contact\/","url":"https:\/\/www.rafting-hakunamatata.com\/contact\/","name":"Contact Hakuna Matata Rafting Embrun - R\u00e9server votre session raft","isPartOf":{"@id":"https:\/\/www.rafting-hakunamatata.com\/#website"},"datePublished":"2017-12-22T11:51:21+00:00","dateModified":"2025-04-23T17:53:06+00:00","description":"Contact et coordonn\u00e9es Hakuna Matata Rafting Embrun. R\u00e9server votre session activit\u00e9s eaux vivies raft, hydrospeed, cano\u00eb...","breadcrumb":{"@id":"https:\/\/www.rafting-hakunamatata.com\/contact\/#breadcrumb"},"inLanguage":"en-GB","potentialAction":[{"@type":"ReadAction","target":["https:\/\/www.rafting-hakunamatata.com\/contact\/"]}]},{"@type":"BreadcrumbList","@id":"https:\/\/www.rafting-hakunamatata.com\/contact\/#breadcrumb","itemListElement":[{"@type":"ListItem","position":1,"name":"Accueil","item":"https:\/\/www.rafting-hakunamatata.com\/"},{"@type":"ListItem","position":2,"name":"Contact Hakuna Matata activit\u00e9s eaux vives Embrun"}]},{"@type":"WebSite","@id":"https:\/\/www.rafting-hakunamatata.com\/#website","url":"https:\/\/www.rafting-hakunamatata.com\/","name":"Hakuna Matata Rafting - Embrun Durance","description":"Rafting, Airboat, Hydrospeed, Stand-up Paddle G\u00e9ant, Embarquez pour l&#039;aventure !","publisher":{"@id":"https:\/\/www.rafting-hakunamatata.com\/#organization"},"potentialAction":[{"@type":"SearchAction","target":{"@type":"EntryPoint","urlTemplate":"https:\/\/www.rafting-hakunamatata.com\/?s={search_term_string}"},"query-input":{"@type":"PropertyValueSpecification","valueRequired":true,"valueName":"search_term_string"}}],"inLanguage":"en-GB"},{"@type":"Organization","@id":"https:\/\/www.rafting-hakunamatata.com\/#organization","name":"Hakuna Matata Rafting","url":"https:\/\/www.rafting-hakunamatata.com\/","logo":{"@type":"ImageObject","inLanguage":"en-GB","@id":"https:\/\/www.rafting-hakunamatata.com\/#\/schema\/logo\/image\/","url":"https:\/\/www.rafting-hakunamatata.com\/wp-content\/uploads\/2021\/01\/HakunaMatata-Rafting_logo.png","contentUrl":"https:\/\/www.rafting-hakunamatata.com\/wp-content\/uploads\/2021\/01\/HakunaMatata-Rafting_logo.png","width":196,"height":54,"caption":"Hakuna Matata Rafting"},"image":{"@id":"https:\/\/www.rafting-hakunamatata.com\/#\/schema\/logo\/image\/"},"sameAs":["https:\/\/www.facebook.com\/Hakuna-Matata-Rafting-306564366088162\/","https:\/\/www.instagram.com\/hakunamatatarafting\/","http:\/\/www.youtube.com\/channel\/UCXjzsvWJUT6Vq1NX6bNWyIg\/videos"]}]}},"_links":{"self":[{"href":"https:\/\/www.rafting-hakunamatata.com\/en\/wp-json\/wp\/v2\/pages\/101","targetHints":{"allow":["GET"]}}],"collection":[{"href":"https:\/\/www.rafting-hakunamatata.com\/en\/wp-json\/wp\/v2\/pages"}],"about":[{"href":"https:\/\/www.rafting-hakunamatata.com\/en\/wp-json\/wp\/v2\/types\/page"}],"author":[{"embeddable":true,"href":"https:\/\/www.rafting-hakunamatata.com\/en\/wp-json\/wp\/v2\/users\/1"}],"replies":[{"embeddable":true,"href":"https:\/\/www.rafting-hakunamatata.com\/en\/wp-json\/wp\/v2\/comments?post=101"}],"version-history":[{"count":5,"href":"https:\/\/www.rafting-hakunamatata.com\/en\/wp-json\/wp\/v2\/pages\/101\/revisions"}],"predecessor-version":[{"id":4789,"href":"https:\/\/www.rafting-hakunamatata.com\/en\/wp-json\/wp\/v2\/pages\/101\/revisions\/4789"}],"wp:attachment":[{"href":"https:\/\/www.rafting-hakunamatata.com\/en\/wp-json\/wp\/v2\/media?parent=101"}],"curies":[{"name":"wp","href":"https:\/\/api.w.org\/{rel}","templated":true}]}}