{"id":2078,"date":"2021-03-12T15:56:11","date_gmt":"2021-03-12T14:56:11","guid":{"rendered":"http:\/\/localhost:8888\/hmr\/?page_id=2078"},"modified":"2021-04-21T18:02:54","modified_gmt":"2021-04-21T16:02:54","slug":"conditions-generales-de-vente","status":"publish","type":"page","link":"https:\/\/www.rafting-hakunamatata.com\/en\/conditions-generales-de-vente\/","title":{"rendered":"Conditions G\u00e9n\u00e9rales de Vente"},"content":{"rendered":"<h5>1. ENCADREMENT<\/h5>\n<p>Tous les encadrants intervenant au sein de notre structure sont titulaires d\u2019une autorisation d\u2019exercer (carte professionnelle d\u2019\u00e9ducateur sportif), et d\u2019une assurance responsabilit\u00e9 civile professionnelle.<\/p>\n<h5>2. R\u00c9SERVATION<\/h5>\n<p>Toute activit\u00e9 sera r\u00e9alis\u00e9e sur r\u00e9servation. Une avance de 30% du montant total sera demand\u00e9e pour valider la r\u00e9servation et la totalit\u00e9 du r\u00e8glement devra \u00eatre effectu\u00e9e au plus tard juste avant l\u2019activit\u00e9.<\/p>\n<h5>3. ANNULATION \/ REMBOURSEMENT<\/h5>\n<ul>\n<li style=\"font-weight: 400;\">Hakuna Matata Rafting se r\u00e9serve le droit d\u2019annuler ou de modifier les activit\u00e9s si les conditions de s\u00e9curit\u00e9 optimales ne sont pas r\u00e9unies.<\/li>\n<li style=\"font-weight: 400;\">Suite \u00e0 une r\u00e9servation, le client s\u2019engage \u00e0 \u00eatre pr\u00e9sent le jour de l\u2019activit\u00e9, aucun remboursement ne pourra \u00eatre effectu\u00e9 si une annulation \u00e0 lieu moins de 72 heures avant le d\u00e9but de l\u2019activit\u00e9.<\/li>\n<li style=\"font-weight: 400;\">Pour des raisons \u00e9videntes de s\u00e9curit\u00e9 et d\u2019organisation, le nombre de participants pr\u00e9cis doit \u00eatre indiqu\u00e9 au moment de la r\u00e9servation, en cas de non-pr\u00e9sence d\u2019un ou plusieurs inscrits au sein d\u2019un groupe, si nous ne sommes pas pr\u00e9venus au moins 72h avant le rendez-vous, le montant de la prestation sera factur\u00e9 pour le nombre de personnes ayant r\u00e9serv\u00e9.<\/li>\n<\/ul>\n<h5>3. MAT\u00c9RIEL<\/h5>\n<p>Le mat\u00e9riel mis \u00e0 disposition est sous la responsabilit\u00e9 du client, toute d\u00e9gradation sera factur\u00e9e.<\/p>\n<h5>4. TARIFS<\/h5>\n<p>Les tarifs indiqu\u00e9s comprennent l\u2019encadrement, le pr\u00eat du mat\u00e9riel, ainsi que le transport vers le point de d\u00e9part.<br \/>\nLes tarifs indiqu\u00e9s ne comprennent pas le reportage photo propos\u00e9 en option.<\/p>\n<h5>5. REPORTAGE PHOTO<\/h5>\n<p>Un reportage photo est r\u00e9alis\u00e9 durant la plupart de nos prestations, \u00e0 la simple demande du client, les photos effectu\u00e9es seront d\u00e9truites ; nous nous autorisons le droit d\u2019utiliser certaines images pour notre communication, il va de soi que si le client ne souhaite pas que ces images soient utilis\u00e9es, nous les supprimerons sur simple demande.<\/p>\n<h5>6. VIE SUR LA BASE<\/h5>\n<p>Nous avons la chance de proposer un lieu d\u2019accueil dans un cadre sympathique en bord de rivi\u00e8re.<br \/>\nNotre base se situant \u00e0 l\u2019int\u00e9rieur d\u2019un camping, aucune nuisance \u00e0 la tranquillit\u00e9 du lieu ne sera tol\u00e9r\u00e9e.<br \/>\nDes r\u00e8gles concernant l\u2019usage des sanitaires sont indiqu\u00e9es clairement sur notre base.<\/p>","protected":false},"excerpt":{"rendered":"<p>1. ENCADREMENT Tous les encadrants intervenant au sein de notre structure sont titulaires d\u2019une autorisation d\u2019exercer (carte professionnelle d\u2019\u00e9ducateur sportif), et d\u2019une assurance responsabilit\u00e9 civile professionnelle. 2. R\u00c9SERVATION Toute activit\u00e9 sera r\u00e9alis\u00e9e sur r\u00e9servation. Une avance de 30% du montant total sera demand\u00e9e pour valider la r\u00e9servation et la totalit\u00e9 du r\u00e8glement devra \u00eatre effectu\u00e9e au plus tard juste avant&hellip;<\/p>","protected":false},"author":1,"featured_media":0,"parent":0,"menu_order":0,"comment_status":"closed","ping_status":"closed","template":"","meta":{"footnotes":""},"class_list":["post-2078","page","type-page","status-publish","hentry"],"yoast_head":"<!-- This site is optimized with the Yoast SEO plugin v27.5 - https:\/\/yoast.com\/product\/yoast-seo-wordpress\/ -->\n<title>Conditions G\u00e9n\u00e9rales de Vente - Hakuna Matata Rafting - Embrun Durance<\/title>\n<meta name=\"robots\" content=\"index, follow, max-snippet:-1, max-image-preview:large, max-video-preview:-1\" \/>\n<link rel=\"canonical\" href=\"https:\/\/www.rafting-hakunamatata.com\/en\/conditions-generales-de-vente\/\" \/>\n<meta property=\"og:locale\" content=\"en_GB\" \/>\n<meta property=\"og:type\" content=\"article\" \/>\n<meta property=\"og:title\" content=\"Conditions G\u00e9n\u00e9rales de Vente - Hakuna Matata Rafting - Embrun Durance\" \/>\n<meta property=\"og:description\" content=\"1. ENCADREMENT Tous les encadrants intervenant au sein de notre structure sont titulaires d\u2019une autorisation d\u2019exercer (carte professionnelle d\u2019\u00e9ducateur sportif), et d\u2019une assurance responsabilit\u00e9 civile professionnelle. 2. R\u00c9SERVATION Toute activit\u00e9 sera r\u00e9alis\u00e9e sur r\u00e9servation. Une avance de 30% du montant total sera demand\u00e9e pour valider la r\u00e9servation et la totalit\u00e9 du r\u00e8glement devra \u00eatre effectu\u00e9e au plus tard juste avant&hellip;\" \/>\n<meta property=\"og:url\" content=\"https:\/\/www.rafting-hakunamatata.com\/en\/conditions-generales-de-vente\/\" \/>\n<meta property=\"og:site_name\" content=\"Hakuna Matata Rafting - Embrun Durance\" \/>\n<meta property=\"article:publisher\" content=\"https:\/\/www.facebook.com\/Hakuna-Matata-Rafting-306564366088162\/\" \/>\n<meta property=\"article:modified_time\" content=\"2021-04-21T16:02:54+00:00\" \/>\n<meta property=\"og:image\" content=\"https:\/\/www.rafting-hakunamatata.com\/wp-content\/uploads\/2021\/03\/DSC_4717-scaled.jpg\" \/>\n\t<meta property=\"og:image:width\" content=\"2560\" \/>\n\t<meta property=\"og:image:height\" content=\"1709\" \/>\n\t<meta property=\"og:image:type\" content=\"image\/jpeg\" \/>\n<meta name=\"twitter:card\" content=\"summary_large_image\" \/>\n<meta name=\"twitter:label1\" content=\"Estimated reading time\" \/>\n\t<meta name=\"twitter:data1\" content=\"2 minutes\" \/>\n<script type=\"application\/ld+json\" class=\"yoast-schema-graph\">{\"@context\":\"https:\\\/\\\/schema.org\",\"@graph\":[{\"@type\":\"WebPage\",\"@id\":\"https:\\\/\\\/www.rafting-hakunamatata.com\\\/conditions-generales-de-vente\\\/\",\"url\":\"https:\\\/\\\/www.rafting-hakunamatata.com\\\/conditions-generales-de-vente\\\/\",\"name\":\"Conditions G\u00e9n\u00e9rales de Vente - Hakuna Matata Rafting - Embrun Durance\",\"isPartOf\":{\"@id\":\"https:\\\/\\\/www.rafting-hakunamatata.com\\\/#website\"},\"datePublished\":\"2021-03-12T14:56:11+00:00\",\"dateModified\":\"2021-04-21T16:02:54+00:00\",\"breadcrumb\":{\"@id\":\"https:\\\/\\\/www.rafting-hakunamatata.com\\\/conditions-generales-de-vente\\\/#breadcrumb\"},\"inLanguage\":\"en-GB\",\"potentialAction\":[{\"@type\":\"ReadAction\",\"target\":[\"https:\\\/\\\/www.rafting-hakunamatata.com\\\/conditions-generales-de-vente\\\/\"]}]},{\"@type\":\"BreadcrumbList\",\"@id\":\"https:\\\/\\\/www.rafting-hakunamatata.com\\\/conditions-generales-de-vente\\\/#breadcrumb\",\"itemListElement\":[{\"@type\":\"ListItem\",\"position\":1,\"name\":\"Accueil\",\"item\":\"https:\\\/\\\/www.rafting-hakunamatata.com\\\/\"},{\"@type\":\"ListItem\",\"position\":2,\"name\":\"Conditions G\u00e9n\u00e9rales de Vente\"}]},{\"@type\":\"WebSite\",\"@id\":\"https:\\\/\\\/www.rafting-hakunamatata.com\\\/#website\",\"url\":\"https:\\\/\\\/www.rafting-hakunamatata.com\\\/\",\"name\":\"Hakuna Matata Rafting - Embrun Durance\",\"description\":\"Rafting, Airboat, Hydrospeed, Stand-up Paddle G\u00e9ant, Embarquez pour l&#039;aventure !\",\"publisher\":{\"@id\":\"https:\\\/\\\/www.rafting-hakunamatata.com\\\/#organization\"},\"potentialAction\":[{\"@type\":\"SearchAction\",\"target\":{\"@type\":\"EntryPoint\",\"urlTemplate\":\"https:\\\/\\\/www.rafting-hakunamatata.com\\\/?s={search_term_string}\"},\"query-input\":{\"@type\":\"PropertyValueSpecification\",\"valueRequired\":true,\"valueName\":\"search_term_string\"}}],\"inLanguage\":\"en-GB\"},{\"@type\":\"Organization\",\"@id\":\"https:\\\/\\\/www.rafting-hakunamatata.com\\\/#organization\",\"name\":\"Hakuna Matata Rafting\",\"url\":\"https:\\\/\\\/www.rafting-hakunamatata.com\\\/\",\"logo\":{\"@type\":\"ImageObject\",\"inLanguage\":\"en-GB\",\"@id\":\"https:\\\/\\\/www.rafting-hakunamatata.com\\\/#\\\/schema\\\/logo\\\/image\\\/\",\"url\":\"https:\\\/\\\/www.rafting-hakunamatata.com\\\/wp-content\\\/uploads\\\/2021\\\/01\\\/HakunaMatata-Rafting_logo.png\",\"contentUrl\":\"https:\\\/\\\/www.rafting-hakunamatata.com\\\/wp-content\\\/uploads\\\/2021\\\/01\\\/HakunaMatata-Rafting_logo.png\",\"width\":196,\"height\":54,\"caption\":\"Hakuna Matata Rafting\"},\"image\":{\"@id\":\"https:\\\/\\\/www.rafting-hakunamatata.com\\\/#\\\/schema\\\/logo\\\/image\\\/\"},\"sameAs\":[\"https:\\\/\\\/www.facebook.com\\\/Hakuna-Matata-Rafting-306564366088162\\\/\",\"https:\\\/\\\/www.instagram.com\\\/hakunamatatarafting\\\/\",\"http:\\\/\\\/www.youtube.com\\\/channel\\\/UCXjzsvWJUT6Vq1NX6bNWyIg\\\/videos\"]}]}<\/script>\n<!-- \/ Yoast SEO plugin. -->","yoast_head_json":{"title":"Conditions G\u00e9n\u00e9rales de Vente - Hakuna Matata Rafting - Embrun Durance","robots":{"index":"index","follow":"follow","max-snippet":"max-snippet:-1","max-image-preview":"max-image-preview:large","max-video-preview":"max-video-preview:-1"},"canonical":"https:\/\/www.rafting-hakunamatata.com\/en\/conditions-generales-de-vente\/","og_locale":"en_GB","og_type":"article","og_title":"Conditions G\u00e9n\u00e9rales de Vente - Hakuna Matata Rafting - Embrun Durance","og_description":"1. ENCADREMENT Tous les encadrants intervenant au sein de notre structure sont titulaires d\u2019une autorisation d\u2019exercer (carte professionnelle d\u2019\u00e9ducateur sportif), et d\u2019une assurance responsabilit\u00e9 civile professionnelle. 2. R\u00c9SERVATION Toute activit\u00e9 sera r\u00e9alis\u00e9e sur r\u00e9servation. Une avance de 30% du montant total sera demand\u00e9e pour valider la r\u00e9servation et la totalit\u00e9 du r\u00e8glement devra \u00eatre effectu\u00e9e au plus tard juste avant&hellip;","og_url":"https:\/\/www.rafting-hakunamatata.com\/en\/conditions-generales-de-vente\/","og_site_name":"Hakuna Matata Rafting - Embrun Durance","article_publisher":"https:\/\/www.facebook.com\/Hakuna-Matata-Rafting-306564366088162\/","article_modified_time":"2021-04-21T16:02:54+00:00","og_image":[{"width":2560,"height":1709,"url":"https:\/\/www.rafting-hakunamatata.com\/wp-content\/uploads\/2021\/03\/DSC_4717-scaled.jpg","type":"image\/jpeg"}],"twitter_card":"summary_large_image","twitter_misc":{"Estimated reading time":"2 minutes"},"schema":{"@context":"https:\/\/schema.org","@graph":[{"@type":"WebPage","@id":"https:\/\/www.rafting-hakunamatata.com\/conditions-generales-de-vente\/","url":"https:\/\/www.rafting-hakunamatata.com\/conditions-generales-de-vente\/","name":"Conditions G\u00e9n\u00e9rales de Vente - Hakuna Matata Rafting - Embrun Durance","isPartOf":{"@id":"https:\/\/www.rafting-hakunamatata.com\/#website"},"datePublished":"2021-03-12T14:56:11+00:00","dateModified":"2021-04-21T16:02:54+00:00","breadcrumb":{"@id":"https:\/\/www.rafting-hakunamatata.com\/conditions-generales-de-vente\/#breadcrumb"},"inLanguage":"en-GB","potentialAction":[{"@type":"ReadAction","target":["https:\/\/www.rafting-hakunamatata.com\/conditions-generales-de-vente\/"]}]},{"@type":"BreadcrumbList","@id":"https:\/\/www.rafting-hakunamatata.com\/conditions-generales-de-vente\/#breadcrumb","itemListElement":[{"@type":"ListItem","position":1,"name":"Accueil","item":"https:\/\/www.rafting-hakunamatata.com\/"},{"@type":"ListItem","position":2,"name":"Conditions G\u00e9n\u00e9rales de Vente"}]},{"@type":"WebSite","@id":"https:\/\/www.rafting-hakunamatata.com\/#website","url":"https:\/\/www.rafting-hakunamatata.com\/","name":"Hakuna Matata Rafting - Embrun Durance","description":"Rafting, Airboat, Hydrospeed, Stand-up Paddle G\u00e9ant, Embarquez pour l&#039;aventure !","publisher":{"@id":"https:\/\/www.rafting-hakunamatata.com\/#organization"},"potentialAction":[{"@type":"SearchAction","target":{"@type":"EntryPoint","urlTemplate":"https:\/\/www.rafting-hakunamatata.com\/?s={search_term_string}"},"query-input":{"@type":"PropertyValueSpecification","valueRequired":true,"valueName":"search_term_string"}}],"inLanguage":"en-GB"},{"@type":"Organization","@id":"https:\/\/www.rafting-hakunamatata.com\/#organization","name":"Hakuna Matata Rafting","url":"https:\/\/www.rafting-hakunamatata.com\/","logo":{"@type":"ImageObject","inLanguage":"en-GB","@id":"https:\/\/www.rafting-hakunamatata.com\/#\/schema\/logo\/image\/","url":"https:\/\/www.rafting-hakunamatata.com\/wp-content\/uploads\/2021\/01\/HakunaMatata-Rafting_logo.png","contentUrl":"https:\/\/www.rafting-hakunamatata.com\/wp-content\/uploads\/2021\/01\/HakunaMatata-Rafting_logo.png","width":196,"height":54,"caption":"Hakuna Matata Rafting"},"image":{"@id":"https:\/\/www.rafting-hakunamatata.com\/#\/schema\/logo\/image\/"},"sameAs":["https:\/\/www.facebook.com\/Hakuna-Matata-Rafting-306564366088162\/","https:\/\/www.instagram.com\/hakunamatatarafting\/","http:\/\/www.youtube.com\/channel\/UCXjzsvWJUT6Vq1NX6bNWyIg\/videos"]}]}},"_links":{"self":[{"href":"https:\/\/www.rafting-hakunamatata.com\/en\/wp-json\/wp\/v2\/pages\/2078","targetHints":{"allow":["GET"]}}],"collection":[{"href":"https:\/\/www.rafting-hakunamatata.com\/en\/wp-json\/wp\/v2\/pages"}],"about":[{"href":"https:\/\/www.rafting-hakunamatata.com\/en\/wp-json\/wp\/v2\/types\/page"}],"author":[{"embeddable":true,"href":"https:\/\/www.rafting-hakunamatata.com\/en\/wp-json\/wp\/v2\/users\/1"}],"replies":[{"embeddable":true,"href":"https:\/\/www.rafting-hakunamatata.com\/en\/wp-json\/wp\/v2\/comments?post=2078"}],"version-history":[{"count":1,"href":"https:\/\/www.rafting-hakunamatata.com\/en\/wp-json\/wp\/v2\/pages\/2078\/revisions"}],"predecessor-version":[{"id":2818,"href":"https:\/\/www.rafting-hakunamatata.com\/en\/wp-json\/wp\/v2\/pages\/2078\/revisions\/2818"}],"wp:attachment":[{"href":"https:\/\/www.rafting-hakunamatata.com\/en\/wp-json\/wp\/v2\/media?parent=2078"}],"curies":[{"name":"wp","href":"https:\/\/api.w.org\/{rel}","templated":true}]}}