{"id":2798,"date":"2021-04-19T16:06:06","date_gmt":"2021-04-19T14:06:06","guid":{"rendered":"http:\/\/www.rafting-hakunamatata.com\/?page_id=2798"},"modified":"2022-03-14T16:14:02","modified_gmt":"2022-03-14T15:14:02","slug":"nos-terrains-de-jeux","status":"publish","type":"page","link":"https:\/\/www.rafting-hakunamatata.com\/en\/nos-terrains-de-jeux\/","title":{"rendered":"Nos terrains de jeux &#8211; Durance et Ubaye"},"content":{"rendered":"<div class=\"wpb-content-wrapper\"><div class=\"vc_row wpb_row vc_row-fluid shape_divider_top-none shape_divider_bottom-none\"><div class=\"wpb_column vc_column_container vc_col-sm-12 sc_layouts_column_icons_position_left\"><div class=\"vc_column-inner\"><div class=\"wpb_wrapper\"><div class=\"vc_empty_space  sc_height_medium\"   style=\"height: 32px\"><span class=\"vc_empty_space_inner\"><\/span><\/div><div class=\"vc_row wpb_row vc_inner vc_row-fluid shape_divider_top-none shape_divider_bottom-none\"><div class=\"wpb_column vc_column_container vc_col-sm-6 sc_layouts_column_icons_position_left\"><div class=\"vc_column-inner\"><div class=\"wpb_wrapper\">\n\t<div  class=\"wpb_single_image wpb_content_element vc_align_center\">\n\t\t\n\t\t<figure class=\"wpb_wrapper vc_figure\">\n\t\t\t<div class=\"vc_single_image-wrapper   vc_box_border_grey\"><img loading=\"lazy\" decoding=\"async\" width=\"2560\" height=\"1707\" src=\"https:\/\/www.rafting-hakunamatata.com\/wp-content\/uploads\/2021\/03\/IMG_9850-scaled.jpg\" class=\"vc_single_image-img attachment-full\" alt=\"\" title=\"IMG_9850\" srcset=\"https:\/\/www.rafting-hakunamatata.com\/wp-content\/uploads\/2021\/03\/IMG_9850-scaled.jpg 2560w, https:\/\/www.rafting-hakunamatata.com\/wp-content\/uploads\/2021\/03\/IMG_9850-scaled-300x200.jpg 300w, https:\/\/www.rafting-hakunamatata.com\/wp-content\/uploads\/2021\/03\/IMG_9850-scaled-1024x683.jpg 1024w, https:\/\/www.rafting-hakunamatata.com\/wp-content\/uploads\/2021\/03\/IMG_9850-scaled-768x512.jpg 768w, https:\/\/www.rafting-hakunamatata.com\/wp-content\/uploads\/2021\/03\/IMG_9850-scaled-1536x1024.jpg 1536w, https:\/\/www.rafting-hakunamatata.com\/wp-content\/uploads\/2021\/03\/IMG_9850-scaled-2048x1366.jpg 2048w, https:\/\/www.rafting-hakunamatata.com\/wp-content\/uploads\/2021\/03\/IMG_9850-scaled-370x247.jpg 370w, https:\/\/www.rafting-hakunamatata.com\/wp-content\/uploads\/2021\/03\/IMG_9850-scaled-765x510.jpg 765w, https:\/\/www.rafting-hakunamatata.com\/wp-content\/uploads\/2021\/03\/IMG_9850-scaled-407x271.jpg 407w\" sizes=\"auto, (max-width: 2560px) 100vw, 2560px\" \/><\/div>\n\t\t<\/figure>\n\t<\/div>\n<\/div><\/div><\/div><div class=\"wpb_column vc_column_container vc_col-sm-6 sc_layouts_column_icons_position_left\"><div class=\"vc_column-inner\"><div class=\"wpb_wrapper\"><div id=\"sc_icons_1002766929\" \n\tclass=\"sc_icons sc_icons_default sc_icons_size_medium sc_align_center\"><h3 class=\"sc_item_title sc_icons_title sc_align_center sc_item_title_style_default sc_item_title_tag\">The Durance River<\/h3><h6 class=\"sc_item_subtitle sc_icons_subtitle sc_align_center sc_item_title_style_default\">Discovery<\/h6><div class=\"sc_item_descr sc_icons_descr sc_align_center\"><p>One can\u2019t think of a more appropriate river to discover water sports. The Durance flows in a large sun-drenched valley. It offers thrilling grade 3 rapids and calmer zones to make the most of the landscape and play with the currents. You\u2019ve never practised water sports before? Jump in a boat and enjoy a fun and safe experience. You\u2019re in search for thrills? Have a try at inflatable kayaks.<\/p>\n<\/div><div class=\"sc_icons_columns_wrap sc_item_columns trx_addons_columns_wrap columns_padding_bottom\"><div class=\"trx_addons_column-1_3\"><div class=\"sc_icons_item\"><div id=\"sc_icons_1002766929_icon-air\" class=\"sc_icons_icon sc_icon_type_ icon-air\"\n\t\t\t\t\t\t\t\t\t\t\t\t><span class=\"sc_icon_type_ icon-air\"><\/span><\/div><h4 class=\"sc_icons_item_title\"><span>Class III<\/span><\/h4><\/div><\/div><div class=\"trx_addons_column-1_3\"><div class=\"sc_icons_item\"><div id=\"sc_icons_1002766929_icon-child\" class=\"sc_icons_icon sc_icon_type_ icon-child\"\n\t\t\t\t\t\t\t\t\t\t\t\t><span class=\"sc_icon_type_ icon-child\"><\/span><\/div><h4 class=\"sc_icons_item_title\"><span>Discovery<\/span><\/h4><\/div><\/div><div class=\"trx_addons_column-1_3\"><div class=\"sc_icons_item\"><div id=\"sc_icons_1002766929_icon-parcours-ludique\" class=\"sc_icons_icon sc_icon_type_ icon-parcours-ludique\"\n\t\t\t\t\t\t\t\t\t\t\t\t><span class=\"sc_icon_type_ icon-parcours-ludique\"><\/span><\/div><h4 class=\"sc_icons_item_title\"><span>playful<\/span><\/h4><\/div><\/div><\/div><\/div><!-- \/.sc_icons --><\/div><\/div><\/div><\/div><div class=\"vc_empty_space  sc_height_medium\"   style=\"height: 32px\"><span class=\"vc_empty_space_inner\"><\/span><\/div><div class=\"vc_row wpb_row vc_inner vc_row-fluid shape_divider_top-none shape_divider_bottom-none\"><div class=\"wpb_column vc_column_container vc_col-sm-6 sc_layouts_column_icons_position_left\"><div class=\"vc_column-inner\"><div class=\"wpb_wrapper\"><div id=\"sc_icons_841837843\" \n\tclass=\"sc_icons sc_icons_modern sc_icons_size_medium sc_align_center\"><h3 class=\"sc_item_title sc_icons_title sc_align_center sc_item_title_style_default sc_item_title_tag\">The Ubaye River<\/h3><h6 class=\"sc_item_subtitle sc_icons_subtitle sc_align_center sc_item_title_style_default\">Thrilling<\/h6><div class=\"sc_item_descr sc_icons_descr sc_align_center\"><p class=\"translation-block\">Running from Italy to the Serre Pon\u00e7on Lake, the Ubaye is a multi-faceted river. On the one hand, it offers calm sections that can be enjoyed by all the family, on the other one, it is world-renowned for its rapids and its magnificent narrow gorges. This is why the Ubaye valley is not to be missed.<\/p>\n<\/div><div class=\"sc_icons_columns_wrap sc_item_columns trx_addons_columns_wrap columns_padding_bottom\"><div class=\"trx_addons_column-1_2\"><div class=\"sc_icons_item\"><div id=\"sc_icons_841837843_icon-air\" class=\"sc_icons_icon sc_icon_type_ icon-air\"\n\t\t\t\t\t\t\t\t\t\t\t\t><span class=\"sc_icon_type_ icon-air\"><\/span><\/div><h4 class=\"sc_icons_item_title\"><span>Class III, IV &amp; V<\/span><\/h4><\/div><\/div><div class=\"trx_addons_column-1_2\"><div class=\"sc_icons_item\"><div id=\"sc_icons_841837843_icon-plusde12\" class=\"sc_icons_icon sc_icon_type_ icon-plusde12\"\n\t\t\t\t\t\t\t\t\t\t\t\t><span class=\"sc_icon_type_ icon-plusde12\"><\/span><\/div><h4 class=\"sc_icons_item_title\"><span>12 Years old onwards.<\/span><\/h4><\/div><\/div><\/div><\/div><!-- \/.sc_icons --><\/div><\/div><\/div><div class=\"wpb_column vc_column_container vc_col-sm-6 sc_layouts_column_icons_position_left\"><div class=\"vc_column-inner\"><div class=\"wpb_wrapper\">\n\t<div  class=\"wpb_single_image wpb_content_element vc_align_center\">\n\t\t\n\t\t<figure class=\"wpb_wrapper vc_figure\">\n\t\t\t<div class=\"vc_single_image-wrapper   vc_box_border_grey\"><img loading=\"lazy\" decoding=\"async\" width=\"2560\" height=\"1707\" src=\"https:\/\/www.rafting-hakunamatata.com\/wp-content\/uploads\/2021\/03\/DSC_7035_paysage-scaled.jpg\" class=\"vc_single_image-img attachment-full\" alt=\"\" title=\"DSC_7035_paysage\" srcset=\"https:\/\/www.rafting-hakunamatata.com\/wp-content\/uploads\/2021\/03\/DSC_7035_paysage-scaled.jpg 2560w, https:\/\/www.rafting-hakunamatata.com\/wp-content\/uploads\/2021\/03\/DSC_7035_paysage-scaled-300x200.jpg 300w, https:\/\/www.rafting-hakunamatata.com\/wp-content\/uploads\/2021\/03\/DSC_7035_paysage-scaled-1024x683.jpg 1024w, https:\/\/www.rafting-hakunamatata.com\/wp-content\/uploads\/2021\/03\/DSC_7035_paysage-scaled-768x512.jpg 768w, https:\/\/www.rafting-hakunamatata.com\/wp-content\/uploads\/2021\/03\/DSC_7035_paysage-scaled-1536x1024.jpg 1536w, https:\/\/www.rafting-hakunamatata.com\/wp-content\/uploads\/2021\/03\/DSC_7035_paysage-scaled-2048x1366.jpg 2048w, https:\/\/www.rafting-hakunamatata.com\/wp-content\/uploads\/2021\/03\/DSC_7035_paysage-scaled-370x247.jpg 370w, https:\/\/www.rafting-hakunamatata.com\/wp-content\/uploads\/2021\/03\/DSC_7035_paysage-scaled-765x510.jpg 765w, https:\/\/www.rafting-hakunamatata.com\/wp-content\/uploads\/2021\/03\/DSC_7035_paysage-scaled-407x271.jpg 407w\" sizes=\"auto, (max-width: 2560px) 100vw, 2560px\" \/><\/div>\n\t\t<\/figure>\n\t<\/div>\n<\/div><\/div><\/div><\/div><\/div><\/div><\/div><\/div>\n<\/div>","protected":false},"excerpt":{"rendered":"La DuranceD\u00e9couverteProbablement la rivi\u00e8re la plus adapt\u00e9e \u00e0 la d\u00e9couverte des sports d\u2019eaux vives, la Durance coule dans une large vall\u00e9e ensoleill\u00e9e. De jolis rapides de classe III pour les sensations et des zones plus calmes pour profiter du paysage et jouer avec les courants. Vous n\u2019avez jamais pratiqu\u00e9 les sports d\u2019eaux vives, embarquez en raft pour une descente ludique&hellip;","protected":false},"author":1,"featured_media":0,"parent":0,"menu_order":0,"comment_status":"closed","ping_status":"closed","template":"","meta":{"footnotes":""},"class_list":["post-2798","page","type-page","status-publish","hentry"],"yoast_head":"<!-- This site is optimized with the Yoast SEO plugin v27.4 - https:\/\/yoast.com\/product\/yoast-seo-wordpress\/ -->\n<title>Descente de rivi\u00e8res la Durance le l&#039;Ubaye dans les Hautes-Alpes<\/title>\n<meta name=\"description\" content=\"Profitez des plaisirs de la descente de rivi\u00e8re notamment la Durance et l&#039;Ubaye dans les Hautes-Alpes rivi\u00e8res d&#039;excellences pour le raft.\" \/>\n<meta name=\"robots\" content=\"index, follow, max-snippet:-1, max-image-preview:large, max-video-preview:-1\" \/>\n<link rel=\"canonical\" href=\"https:\/\/www.rafting-hakunamatata.com\/en\/home-3\/activites\/\" \/>\n<meta property=\"og:locale\" content=\"en_GB\" \/>\n<meta property=\"og:type\" content=\"article\" \/>\n<meta property=\"og:title\" content=\"Descente de rivi\u00e8res la Durance le l&#039;Ubaye dans les Hautes-Alpes\" \/>\n<meta property=\"og:description\" content=\"Profitez des plaisirs de la descente de rivi\u00e8re notamment la Durance et l&#039;Ubaye dans les Hautes-Alpes rivi\u00e8res d&#039;excellences pour le raft.\" \/>\n<meta property=\"og:url\" content=\"https:\/\/www.rafting-hakunamatata.com\/en\/home-3\/activites\/\" \/>\n<meta property=\"og:site_name\" content=\"Hakuna Matata Rafting - Embrun Durance\" \/>\n<meta property=\"article:publisher\" content=\"https:\/\/www.facebook.com\/Hakuna-Matata-Rafting-306564366088162\/\" \/>\n<meta property=\"article:modified_time\" content=\"2022-03-14T15:14:02+00:00\" \/>\n<meta property=\"og:image\" content=\"https:\/\/www.rafting-hakunamatata.com\/wp-content\/uploads\/2021\/03\/DSC_4717-scaled.jpg\" \/>\n\t<meta property=\"og:image:width\" content=\"2560\" \/>\n\t<meta property=\"og:image:height\" content=\"1709\" \/>\n\t<meta property=\"og:image:type\" content=\"image\/jpeg\" \/>\n<meta name=\"twitter:card\" content=\"summary_large_image\" \/>\n<meta name=\"twitter:label1\" content=\"Estimated reading time\" \/>\n\t<meta name=\"twitter:data1\" content=\"2 minutes\" \/>\n<script type=\"application\/ld+json\" class=\"yoast-schema-graph\">{\"@context\":\"https:\\\/\\\/schema.org\",\"@graph\":[{\"@type\":\"WebPage\",\"@id\":\"https:\\\/\\\/www.rafting-hakunamatata.com\\\/en\\\/nos-terrains-de-jeux\\\/\",\"url\":\"https:\\\/\\\/www.rafting-hakunamatata.com\\\/home-3\\\/activites\\\/\",\"name\":\"Descente de rivi\u00e8res la Durance le l'Ubaye dans les Hautes-Alpes\",\"isPartOf\":{\"@id\":\"https:\\\/\\\/www.rafting-hakunamatata.com\\\/#website\"},\"datePublished\":\"2021-04-19T14:06:06+00:00\",\"dateModified\":\"2022-03-14T15:14:02+00:00\",\"description\":\"Profitez des plaisirs de la descente de rivi\u00e8re notamment la Durance et l'Ubaye dans les Hautes-Alpes rivi\u00e8res d'excellences pour le raft.\",\"breadcrumb\":{\"@id\":\"https:\\\/\\\/www.rafting-hakunamatata.com\\\/home-3\\\/activites\\\/#breadcrumb\"},\"inLanguage\":\"en-GB\",\"potentialAction\":[{\"@type\":\"ReadAction\",\"target\":[\"https:\\\/\\\/www.rafting-hakunamatata.com\\\/home-3\\\/activites\\\/\"]}]},{\"@type\":\"BreadcrumbList\",\"@id\":\"https:\\\/\\\/www.rafting-hakunamatata.com\\\/home-3\\\/activites\\\/#breadcrumb\",\"itemListElement\":[{\"@type\":\"ListItem\",\"position\":1,\"name\":\"Accueil\",\"item\":\"https:\\\/\\\/www.rafting-hakunamatata.com\\\/\"},{\"@type\":\"ListItem\",\"position\":2,\"name\":\"Nos terrains de jeux &#8211; Durance et Ubaye\"}]},{\"@type\":\"WebSite\",\"@id\":\"https:\\\/\\\/www.rafting-hakunamatata.com\\\/#website\",\"url\":\"https:\\\/\\\/www.rafting-hakunamatata.com\\\/\",\"name\":\"Hakuna Matata Rafting - Embrun Durance\",\"description\":\"Rafting, Airboat, Hydrospeed, Stand-up Paddle G\u00e9ant, Embarquez pour l&#039;aventure !\",\"publisher\":{\"@id\":\"https:\\\/\\\/www.rafting-hakunamatata.com\\\/#organization\"},\"potentialAction\":[{\"@type\":\"SearchAction\",\"target\":{\"@type\":\"EntryPoint\",\"urlTemplate\":\"https:\\\/\\\/www.rafting-hakunamatata.com\\\/?s={search_term_string}\"},\"query-input\":{\"@type\":\"PropertyValueSpecification\",\"valueRequired\":true,\"valueName\":\"search_term_string\"}}],\"inLanguage\":\"en-GB\"},{\"@type\":\"Organization\",\"@id\":\"https:\\\/\\\/www.rafting-hakunamatata.com\\\/#organization\",\"name\":\"Hakuna Matata Rafting\",\"url\":\"https:\\\/\\\/www.rafting-hakunamatata.com\\\/\",\"logo\":{\"@type\":\"ImageObject\",\"inLanguage\":\"en-GB\",\"@id\":\"https:\\\/\\\/www.rafting-hakunamatata.com\\\/#\\\/schema\\\/logo\\\/image\\\/\",\"url\":\"https:\\\/\\\/www.rafting-hakunamatata.com\\\/wp-content\\\/uploads\\\/2021\\\/01\\\/hakuna matata logo-scaled.jpg\",\"contentUrl\":\"https:\\\/\\\/www.rafting-hakunamatata.com\\\/wp-content\\\/uploads\\\/2021\\\/01\\\/hakuna matata logo-scaled.jpg\",\"width\":2560,\"height\":705,\"caption\":\"Hakuna Matata Rafting\"},\"image\":{\"@id\":\"https:\\\/\\\/www.rafting-hakunamatata.com\\\/#\\\/schema\\\/logo\\\/image\\\/\"},\"sameAs\":[\"https:\\\/\\\/www.facebook.com\\\/Hakuna-Matata-Rafting-306564366088162\\\/\",\"https:\\\/\\\/www.instagram.com\\\/hakunamatatarafting\\\/\",\"http:\\\/\\\/www.youtube.com\\\/channel\\\/UCXjzsvWJUT6Vq1NX6bNWyIg\\\/videos\"]}]}<\/script>\n<!-- \/ Yoast SEO plugin. -->","yoast_head_json":{"title":"Descente de rivi\u00e8res la Durance le l'Ubaye dans les Hautes-Alpes","description":"Profitez des plaisirs de la descente de rivi\u00e8re notamment la Durance et l'Ubaye dans les Hautes-Alpes rivi\u00e8res d'excellences pour le raft.","robots":{"index":"index","follow":"follow","max-snippet":"max-snippet:-1","max-image-preview":"max-image-preview:large","max-video-preview":"max-video-preview:-1"},"canonical":"https:\/\/www.rafting-hakunamatata.com\/en\/home-3\/activites\/","og_locale":"en_GB","og_type":"article","og_title":"Descente de rivi\u00e8res la Durance le l'Ubaye dans les Hautes-Alpes","og_description":"Profitez des plaisirs de la descente de rivi\u00e8re notamment la Durance et l'Ubaye dans les Hautes-Alpes rivi\u00e8res d'excellences pour le raft.","og_url":"https:\/\/www.rafting-hakunamatata.com\/en\/home-3\/activites\/","og_site_name":"Hakuna Matata Rafting - Embrun Durance","article_publisher":"https:\/\/www.facebook.com\/Hakuna-Matata-Rafting-306564366088162\/","article_modified_time":"2022-03-14T15:14:02+00:00","og_image":[{"width":2560,"height":1709,"url":"https:\/\/www.rafting-hakunamatata.com\/wp-content\/uploads\/2021\/03\/DSC_4717-scaled.jpg","type":"image\/jpeg"}],"twitter_card":"summary_large_image","twitter_misc":{"Estimated reading time":"2 minutes"},"schema":{"@context":"https:\/\/schema.org","@graph":[{"@type":"WebPage","@id":"https:\/\/www.rafting-hakunamatata.com\/en\/nos-terrains-de-jeux\/","url":"https:\/\/www.rafting-hakunamatata.com\/home-3\/activites\/","name":"Descente de rivi\u00e8res la Durance le l'Ubaye dans les Hautes-Alpes","isPartOf":{"@id":"https:\/\/www.rafting-hakunamatata.com\/#website"},"datePublished":"2021-04-19T14:06:06+00:00","dateModified":"2022-03-14T15:14:02+00:00","description":"Profitez des plaisirs de la descente de rivi\u00e8re notamment la Durance et l'Ubaye dans les Hautes-Alpes rivi\u00e8res d'excellences pour le raft.","breadcrumb":{"@id":"https:\/\/www.rafting-hakunamatata.com\/home-3\/activites\/#breadcrumb"},"inLanguage":"en-GB","potentialAction":[{"@type":"ReadAction","target":["https:\/\/www.rafting-hakunamatata.com\/home-3\/activites\/"]}]},{"@type":"BreadcrumbList","@id":"https:\/\/www.rafting-hakunamatata.com\/home-3\/activites\/#breadcrumb","itemListElement":[{"@type":"ListItem","position":1,"name":"Accueil","item":"https:\/\/www.rafting-hakunamatata.com\/"},{"@type":"ListItem","position":2,"name":"Nos terrains de jeux &#8211; Durance et Ubaye"}]},{"@type":"WebSite","@id":"https:\/\/www.rafting-hakunamatata.com\/#website","url":"https:\/\/www.rafting-hakunamatata.com\/","name":"Hakuna Matata Rafting - Embrun Durance","description":"Rafting, Airboat, Hydrospeed, Stand-up Paddle G\u00e9ant, Embarquez pour l&#039;aventure !","publisher":{"@id":"https:\/\/www.rafting-hakunamatata.com\/#organization"},"potentialAction":[{"@type":"SearchAction","target":{"@type":"EntryPoint","urlTemplate":"https:\/\/www.rafting-hakunamatata.com\/?s={search_term_string}"},"query-input":{"@type":"PropertyValueSpecification","valueRequired":true,"valueName":"search_term_string"}}],"inLanguage":"en-GB"},{"@type":"Organization","@id":"https:\/\/www.rafting-hakunamatata.com\/#organization","name":"Hakuna Matata Rafting","url":"https:\/\/www.rafting-hakunamatata.com\/","logo":{"@type":"ImageObject","inLanguage":"en-GB","@id":"https:\/\/www.rafting-hakunamatata.com\/#\/schema\/logo\/image\/","url":"https:\/\/www.rafting-hakunamatata.com\/wp-content\/uploads\/2021\/01\/hakuna matata logo-scaled.jpg","contentUrl":"https:\/\/www.rafting-hakunamatata.com\/wp-content\/uploads\/2021\/01\/hakuna matata logo-scaled.jpg","width":2560,"height":705,"caption":"Hakuna Matata Rafting"},"image":{"@id":"https:\/\/www.rafting-hakunamatata.com\/#\/schema\/logo\/image\/"},"sameAs":["https:\/\/www.facebook.com\/Hakuna-Matata-Rafting-306564366088162\/","https:\/\/www.instagram.com\/hakunamatatarafting\/","http:\/\/www.youtube.com\/channel\/UCXjzsvWJUT6Vq1NX6bNWyIg\/videos"]}]}},"_links":{"self":[{"href":"https:\/\/www.rafting-hakunamatata.com\/en\/wp-json\/wp\/v2\/pages\/2798","targetHints":{"allow":["GET"]}}],"collection":[{"href":"https:\/\/www.rafting-hakunamatata.com\/en\/wp-json\/wp\/v2\/pages"}],"about":[{"href":"https:\/\/www.rafting-hakunamatata.com\/en\/wp-json\/wp\/v2\/types\/page"}],"author":[{"embeddable":true,"href":"https:\/\/www.rafting-hakunamatata.com\/en\/wp-json\/wp\/v2\/users\/1"}],"replies":[{"embeddable":true,"href":"https:\/\/www.rafting-hakunamatata.com\/en\/wp-json\/wp\/v2\/comments?post=2798"}],"version-history":[{"count":7,"href":"https:\/\/www.rafting-hakunamatata.com\/en\/wp-json\/wp\/v2\/pages\/2798\/revisions"}],"predecessor-version":[{"id":3319,"href":"https:\/\/www.rafting-hakunamatata.com\/en\/wp-json\/wp\/v2\/pages\/2798\/revisions\/3319"}],"wp:attachment":[{"href":"https:\/\/www.rafting-hakunamatata.com\/en\/wp-json\/wp\/v2\/media?parent=2798"}],"curies":[{"name":"wp","href":"https:\/\/api.w.org\/{rel}","templated":true}]}}