{"id":93,"date":"2017-12-22T12:49:36","date_gmt":"2017-12-22T12:49:36","guid":{"rendered":"http:\/\/rafting-hakunamatata.com\/?page_id=93"},"modified":"2025-02-01T08:48:02","modified_gmt":"2025-02-01T07:48:02","slug":"qui-sommes-nous","status":"publish","type":"page","link":"https:\/\/www.rafting-hakunamatata.com\/en\/qui-sommes-nous\/","title":{"rendered":"Who are we ?"},"content":{"rendered":"<div class=\"wpb-content-wrapper\"><div class=\"vc_row wpb_row vc_row-fluid vc_row-o-content-middle vc_row-flex shape_divider_top-none shape_divider_bottom-none\"><div class=\"wpb_column vc_column_container vc_col-sm-12 sc_layouts_column sc_layouts_column_align_center sc_layouts_column_icons_position_left\"><div class=\"vc_column-inner\"><div class=\"wpb_wrapper\"><div id=\"sc_title_1510829101\"\n\t\tclass=\"sc_title color_style_default sc_title_default\"><h2 class=\"sc_item_title sc_title_title sc_align_center sc_item_title_style_default\">Our Base Camp<\/h2><h6 class=\"sc_item_subtitle sc_title_subtitle sc_align_center sc_item_title_style_default\">Camping de la Tour<\/h6><\/div><!-- \/.sc_title --><div class=\"vc_empty_space\"   style=\"height: 2vw\"><span class=\"vc_empty_space_inner\"><\/span><\/div><div class=\"vc_row wpb_row vc_inner vc_row-fluid shape_divider_top-none shape_divider_bottom-none\"><div class=\"wpb_column vc_column_container vc_col-sm-3 sc_layouts_column sc_layouts_column_align_center sc_layouts_column_icons_position_left\"><div class=\"vc_column-inner\"><div class=\"wpb_wrapper\"><\/div><\/div><\/div><div class=\"wpb_column vc_column_container vc_col-sm-6 sc_layouts_column_icons_position_left\"><div class=\"vc_column-inner\"><div class=\"wpb_wrapper\"><div class=\"wpb_images_carousel wpb_content_element vc_clearfix\"><div class=\"wpb_wrapper\"><div id=\"vc_images-carousel-1-1777564223\" data-ride=\"vc_carousel\" data-wrap=\"false\" style=\"width: 100%;\" data-interval=\"0\" data-auto-height=\"yes\" data-mode=\"horizontal\" data-partial=\"false\" data-per-view=\"1\" data-hide-on-end=\"true\" class=\"vc_slide vc_images_carousel\"><ol class=\"vc_carousel-indicators\"><li data-target=\"#vc_images-carousel-1-1777564223\" data-slide-to=\"0\"><\/li><li data-target=\"#vc_images-carousel-1-1777564223\" data-slide-to=\"1\"><\/li><li data-target=\"#vc_images-carousel-1-1777564223\" data-slide-to=\"2\"><\/li><li data-target=\"#vc_images-carousel-1-1777564223\" data-slide-to=\"3\"><\/li><li data-target=\"#vc_images-carousel-1-1777564223\" data-slide-to=\"4\"><\/li><\/ol><div class=\"vc_carousel-inner\"><div class=\"vc_carousel-slideline\"><div class=\"vc_carousel-slideline-inner\"><div class=\"vc_item\"><div class=\"vc_inner\"><img loading=\"lazy\" decoding=\"async\" width=\"1280\" height=\"960\" src=\"https:\/\/www.rafting-hakunamatata.com\/wp-content\/uploads\/2021\/03\/4801809570279104473.jpg\" class=\"attachment-full\" alt=\"\" title=\"4801809570279104473\" srcset=\"https:\/\/www.rafting-hakunamatata.com\/wp-content\/uploads\/2021\/03\/4801809570279104473.jpg 1280w, https:\/\/www.rafting-hakunamatata.com\/wp-content\/uploads\/2021\/03\/4801809570279104473-300x225.jpg 300w, https:\/\/www.rafting-hakunamatata.com\/wp-content\/uploads\/2021\/03\/4801809570279104473-1024x768.jpg 1024w, https:\/\/www.rafting-hakunamatata.com\/wp-content\/uploads\/2021\/03\/4801809570279104473-768x576.jpg 768w, https:\/\/www.rafting-hakunamatata.com\/wp-content\/uploads\/2021\/03\/4801809570279104473-370x278.jpg 370w, https:\/\/www.rafting-hakunamatata.com\/wp-content\/uploads\/2021\/03\/4801809570279104473-765x574.jpg 765w, https:\/\/www.rafting-hakunamatata.com\/wp-content\/uploads\/2021\/03\/4801809570279104473-407x305.jpg 407w\" sizes=\"auto, (max-width: 1280px) 100vw, 1280px\" \/><\/div><\/div><div class=\"vc_item\"><div class=\"vc_inner\"><img loading=\"lazy\" decoding=\"async\" width=\"640\" height=\"480\" src=\"https:\/\/www.rafting-hakunamatata.com\/wp-content\/uploads\/2021\/03\/-7260930508280486965.jpg\" class=\"attachment-full\" alt=\"\" title=\"-7260930508280486965\" srcset=\"https:\/\/www.rafting-hakunamatata.com\/wp-content\/uploads\/2021\/03\/-7260930508280486965.jpg 640w, https:\/\/www.rafting-hakunamatata.com\/wp-content\/uploads\/2021\/03\/-7260930508280486965-300x225.jpg 300w, https:\/\/www.rafting-hakunamatata.com\/wp-content\/uploads\/2021\/03\/-7260930508280486965-370x278.jpg 370w, https:\/\/www.rafting-hakunamatata.com\/wp-content\/uploads\/2021\/03\/-7260930508280486965-407x305.jpg 407w\" sizes=\"auto, (max-width: 640px) 100vw, 640px\" \/><\/div><\/div><div class=\"vc_item\"><div class=\"vc_inner\"><img loading=\"lazy\" decoding=\"async\" width=\"2080\" height=\"1560\" src=\"https:\/\/www.rafting-hakunamatata.com\/wp-content\/uploads\/2021\/03\/IMG_20200813_084718.jpg\" class=\"attachment-full\" alt=\"\" title=\"IMG_20200813_084718\" srcset=\"https:\/\/www.rafting-hakunamatata.com\/wp-content\/uploads\/2021\/03\/IMG_20200813_084718.jpg 2080w, https:\/\/www.rafting-hakunamatata.com\/wp-content\/uploads\/2021\/03\/IMG_20200813_084718-300x225.jpg 300w, https:\/\/www.rafting-hakunamatata.com\/wp-content\/uploads\/2021\/03\/IMG_20200813_084718-1024x768.jpg 1024w, https:\/\/www.rafting-hakunamatata.com\/wp-content\/uploads\/2021\/03\/IMG_20200813_084718-768x576.jpg 768w, https:\/\/www.rafting-hakunamatata.com\/wp-content\/uploads\/2021\/03\/IMG_20200813_084718-1536x1152.jpg 1536w, https:\/\/www.rafting-hakunamatata.com\/wp-content\/uploads\/2021\/03\/IMG_20200813_084718-2048x1536.jpg 2048w, https:\/\/www.rafting-hakunamatata.com\/wp-content\/uploads\/2021\/03\/IMG_20200813_084718-370x278.jpg 370w, https:\/\/www.rafting-hakunamatata.com\/wp-content\/uploads\/2021\/03\/IMG_20200813_084718-765x574.jpg 765w, https:\/\/www.rafting-hakunamatata.com\/wp-content\/uploads\/2021\/03\/IMG_20200813_084718-407x305.jpg 407w\" sizes=\"auto, (max-width: 2080px) 100vw, 2080px\" \/><\/div><\/div><div class=\"vc_item\"><div class=\"vc_inner\"><img loading=\"lazy\" decoding=\"async\" width=\"2080\" height=\"1560\" src=\"https:\/\/www.rafting-hakunamatata.com\/wp-content\/uploads\/2021\/03\/IMG_20200813_084702.jpg\" class=\"attachment-full\" alt=\"\" title=\"IMG_20200813_084702\" srcset=\"https:\/\/www.rafting-hakunamatata.com\/wp-content\/uploads\/2021\/03\/IMG_20200813_084702.jpg 2080w, https:\/\/www.rafting-hakunamatata.com\/wp-content\/uploads\/2021\/03\/IMG_20200813_084702-300x225.jpg 300w, https:\/\/www.rafting-hakunamatata.com\/wp-content\/uploads\/2021\/03\/IMG_20200813_084702-1024x768.jpg 1024w, https:\/\/www.rafting-hakunamatata.com\/wp-content\/uploads\/2021\/03\/IMG_20200813_084702-768x576.jpg 768w, https:\/\/www.rafting-hakunamatata.com\/wp-content\/uploads\/2021\/03\/IMG_20200813_084702-1536x1152.jpg 1536w, https:\/\/www.rafting-hakunamatata.com\/wp-content\/uploads\/2021\/03\/IMG_20200813_084702-2048x1536.jpg 2048w, https:\/\/www.rafting-hakunamatata.com\/wp-content\/uploads\/2021\/03\/IMG_20200813_084702-370x278.jpg 370w, https:\/\/www.rafting-hakunamatata.com\/wp-content\/uploads\/2021\/03\/IMG_20200813_084702-765x574.jpg 765w, https:\/\/www.rafting-hakunamatata.com\/wp-content\/uploads\/2021\/03\/IMG_20200813_084702-407x305.jpg 407w\" sizes=\"auto, (max-width: 2080px) 100vw, 2080px\" \/><\/div><\/div><div class=\"vc_item\"><div class=\"vc_inner\"><img loading=\"lazy\" decoding=\"async\" width=\"520\" height=\"366\" src=\"https:\/\/www.rafting-hakunamatata.com\/wp-content\/uploads\/2021\/01\/map-1.png\" class=\"attachment-full\" alt=\"\" title=\"map-1\" srcset=\"https:\/\/www.rafting-hakunamatata.com\/wp-content\/uploads\/2021\/01\/map-1.png 520w, https:\/\/www.rafting-hakunamatata.com\/wp-content\/uploads\/2021\/01\/map-1-300x211.png 300w, https:\/\/www.rafting-hakunamatata.com\/wp-content\/uploads\/2021\/01\/map-1-370x260.png 370w, https:\/\/www.rafting-hakunamatata.com\/wp-content\/uploads\/2021\/01\/map-1-407x286.png 407w\" sizes=\"auto, (max-width: 520px) 100vw, 520px\" \/><\/div><\/div><\/div><\/div><\/div><a class=\"vc_left vc_carousel-control\" href=\"#vc_images-carousel-1-1777564223\" data-slide=\"prev\"><span class=\"icon-prev\"><\/span><\/a><a class=\"vc_right vc_carousel-control\" href=\"#vc_images-carousel-1-1777564223\" data-slide=\"next\"><span class=\"icon-next\"><\/span><\/a><\/div><\/div><\/div><\/div><\/div><\/div><div class=\"wpb_column vc_column_container vc_col-sm-3 sc_layouts_column_icons_position_left\"><div class=\"vc_column-inner\"><div class=\"wpb_wrapper\"><\/div><\/div><\/div><\/div>\n\t<div class=\"wpb_text_column wpb_content_element  vc_custom_1615650947217\" >\n\t\t<div class=\"wpb_wrapper\">\n\t\t\t<p>Let's meet on our base camp, open daily from June to August, at the camping de la Tour.<\/p>\n\n\t\t<\/div>\n\t<\/div>\n<\/div><\/div><\/div><\/div><div data-vc-full-width=\"true\" data-vc-full-width-init=\"false\" class=\"vc_row wpb_row vc_row-fluid vc_custom_1617107670046 vc_row-has-fill shape_divider_top-none shape_divider_bottom-none\"><div class=\"wpb_column vc_column_container vc_col-sm-12 vc_col-has-fill sc_layouts_column_icons_position_left\"><div class=\"vc_column-inner vc_custom_1524663957365\"><div class=\"wpb_wrapper\"><div class=\"vc_empty_space\"   style=\"height: 7.5vw\"><span class=\"vc_empty_space_inner\"><\/span><\/div><\/div><\/div><\/div><\/div><div class=\"vc_row-full-width vc_clearfix\"><\/div><div data-vc-full-width=\"true\" data-vc-full-width-init=\"false\" class=\"vc_row wpb_row vc_row-fluid vc_custom_1615650652978 vc_row-has-fill shape_divider_top-none shape_divider_bottom-none\"><div class=\"wpb_column vc_column_container vc_col-sm-6 sc_layouts_column_icons_position_left\"><div class=\"vc_column-inner\"><div class=\"wpb_wrapper\">\n\t<div  class=\"wpb_single_image wpb_content_element vc_align_left\">\n\t\t\n\t\t<figure class=\"wpb_wrapper vc_figure\">\n\t\t\t<div class=\"vc_single_image-wrapper   vc_box_border_grey\"><img loading=\"lazy\" decoding=\"async\" width=\"1024\" height=\"683\" src=\"https:\/\/www.rafting-hakunamatata.com\/wp-content\/uploads\/2021\/03\/IMG_6276-1024x683.jpg\" class=\"vc_single_image-img attachment-large\" alt=\"\" title=\"IMG_6276\" srcset=\"https:\/\/www.rafting-hakunamatata.com\/wp-content\/uploads\/2021\/03\/IMG_6276-1024x683.jpg 1024w, https:\/\/www.rafting-hakunamatata.com\/wp-content\/uploads\/2021\/03\/IMG_6276-300x200.jpg 300w, https:\/\/www.rafting-hakunamatata.com\/wp-content\/uploads\/2021\/03\/IMG_6276-768x512.jpg 768w, https:\/\/www.rafting-hakunamatata.com\/wp-content\/uploads\/2021\/03\/IMG_6276-1536x1024.jpg 1536w, https:\/\/www.rafting-hakunamatata.com\/wp-content\/uploads\/2021\/03\/IMG_6276-2048x1365.jpg 2048w, https:\/\/www.rafting-hakunamatata.com\/wp-content\/uploads\/2021\/03\/IMG_6276-370x247.jpg 370w, https:\/\/www.rafting-hakunamatata.com\/wp-content\/uploads\/2021\/03\/IMG_6276-765x510.jpg 765w, https:\/\/www.rafting-hakunamatata.com\/wp-content\/uploads\/2021\/03\/IMG_6276-407x271.jpg 407w\" sizes=\"auto, (max-width: 1024px) 100vw, 1024px\" \/><\/div>\n\t\t<\/figure>\n\t<\/div>\n<div class=\"vc_empty_space  sc_height_tiny\"   style=\"height: 32px\"><span class=\"vc_empty_space_inner\"><\/span><\/div><\/div><\/div><\/div><div class=\"wpb_column vc_column_container vc_col-sm-6 sc_layouts_column_icons_position_left\"><div class=\"vc_column-inner\"><div class=\"wpb_wrapper\"><div  class=\"vc_wp_text wpb_content_element\"><div class=\"widget widget_text\">\t\t\t<div class=\"textwidget\"><\/p>\n<p style=\"text-align: justify;\">Hugo et son \u00e9quipe sont dipl\u00f4m\u00e9es d&rsquo;\u00c9tat de cano\u00eb-kayak et disciplines associ\u00e9es.<br \/>\nQualifications compl\u00e9mentaires Haute rivi\u00e8re.<\/p>\n<p style=\"text-align: justify;\">A travers nos diff\u00e9rents parcours, mais anim\u00e9s par la m\u00eame passion pour la montagne, la nature et l\u2019eau, nous avons acquis une solide exp\u00e9rience dans le milieu des sports d\u2019eaux vives.<br \/>\nQuand nous sommes pas sur les rivi\u00e8res, nous sommes sur les skis ou dans un milieu montagnard pour partager d&rsquo;autres sensations et pratiques sportives.<\/p>\n<p>\n<\/div>\n\t\t<\/div><\/div><\/div><\/div><\/div><\/div><div class=\"vc_row-full-width vc_clearfix\"><\/div>\n<\/div>","protected":false},"excerpt":{"rendered":"Notre Base nautiqueCamping de la Tour Retrouvez-nous sur notre base au camping de la Tour ouverte tous les jours de fin avril \u00e0 fin septembre. Hugo et son \u00e9quipe sont dipl\u00f4m\u00e9es d'\u00c9tat de cano\u00eb-kayak et disciplines associ\u00e9es. Qualifications compl\u00e9mentaires Haute rivi\u00e8re. A travers nos diff\u00e9rents parcours, mais anim\u00e9s par la m\u00eame passion pour la montagne, la nature et l\u2019eau, nous&hellip;","protected":false},"author":1,"featured_media":0,"parent":0,"menu_order":0,"comment_status":"closed","ping_status":"closed","template":"","meta":{"footnotes":""},"class_list":["post-93","page","type-page","status-publish","hentry"],"yoast_head":"<!-- This site is optimized with the Yoast SEO plugin v27.5 - https:\/\/yoast.com\/product\/yoast-seo-wordpress\/ -->\n<title>Hakuna matata rafting des passionn\u00e9s d&#039;eaux vives \u00e0 Embrun et aux Orres<\/title>\n<meta name=\"description\" content=\"Hakuna matata rafting, une petite \u00e9quipe de passionn\u00e9s des offres de prestations eaux vives sur mesure et personnalis\u00e9es\" \/>\n<meta name=\"robots\" content=\"index, follow, max-snippet:-1, max-image-preview:large, max-video-preview:-1\" \/>\n<link rel=\"canonical\" href=\"https:\/\/www.rafting-hakunamatata.com\/en\/qui-sommes-nous\/\" \/>\n<meta property=\"og:locale\" content=\"en_GB\" \/>\n<meta property=\"og:type\" content=\"article\" \/>\n<meta property=\"og:title\" content=\"Hakuna matata rafting des passionn\u00e9s d&#039;eaux vives \u00e0 Embrun et aux Orres\" \/>\n<meta property=\"og:description\" content=\"Hakuna matata rafting, une petite \u00e9quipe de passionn\u00e9s des offres de prestations eaux vives sur mesure et personnalis\u00e9es\" \/>\n<meta property=\"og:url\" content=\"https:\/\/www.rafting-hakunamatata.com\/en\/qui-sommes-nous\/\" \/>\n<meta property=\"og:site_name\" content=\"Hakuna Matata Rafting - Embrun Durance\" \/>\n<meta property=\"article:publisher\" content=\"https:\/\/www.facebook.com\/Hakuna-Matata-Rafting-306564366088162\/\" \/>\n<meta property=\"article:modified_time\" content=\"2025-02-01T07:48:02+00:00\" \/>\n<meta property=\"og:image\" content=\"https:\/\/www.rafting-hakunamatata.com\/wp-content\/uploads\/2021\/03\/DSC_4717-scaled.jpg\" \/>\n\t<meta property=\"og:image:width\" content=\"2560\" \/>\n\t<meta property=\"og:image:height\" content=\"1709\" \/>\n\t<meta property=\"og:image:type\" content=\"image\/jpeg\" \/>\n<meta name=\"twitter:card\" content=\"summary_large_image\" \/>\n<meta name=\"twitter:label1\" content=\"Estimated reading time\" \/>\n\t<meta name=\"twitter:data1\" content=\"6 minutes\" \/>\n<script type=\"application\/ld+json\" class=\"yoast-schema-graph\">{\"@context\":\"https:\\\/\\\/schema.org\",\"@graph\":[{\"@type\":\"WebPage\",\"@id\":\"https:\\\/\\\/www.rafting-hakunamatata.com\\\/qui-sommes-nous\\\/\",\"url\":\"https:\\\/\\\/www.rafting-hakunamatata.com\\\/qui-sommes-nous\\\/\",\"name\":\"Hakuna matata rafting des passionn\u00e9s d'eaux vives \u00e0 Embrun et aux Orres\",\"isPartOf\":{\"@id\":\"https:\\\/\\\/www.rafting-hakunamatata.com\\\/#website\"},\"datePublished\":\"2017-12-22T12:49:36+00:00\",\"dateModified\":\"2025-02-01T07:48:02+00:00\",\"description\":\"Hakuna matata rafting, une petite \u00e9quipe de passionn\u00e9s des offres de prestations eaux vives sur mesure et personnalis\u00e9es\",\"breadcrumb\":{\"@id\":\"https:\\\/\\\/www.rafting-hakunamatata.com\\\/qui-sommes-nous\\\/#breadcrumb\"},\"inLanguage\":\"en-GB\",\"potentialAction\":[{\"@type\":\"ReadAction\",\"target\":[\"https:\\\/\\\/www.rafting-hakunamatata.com\\\/qui-sommes-nous\\\/\"]}]},{\"@type\":\"BreadcrumbList\",\"@id\":\"https:\\\/\\\/www.rafting-hakunamatata.com\\\/qui-sommes-nous\\\/#breadcrumb\",\"itemListElement\":[{\"@type\":\"ListItem\",\"position\":1,\"name\":\"Accueil\",\"item\":\"https:\\\/\\\/www.rafting-hakunamatata.com\\\/\"},{\"@type\":\"ListItem\",\"position\":2,\"name\":\"Qui sommes-nous ?\"}]},{\"@type\":\"WebSite\",\"@id\":\"https:\\\/\\\/www.rafting-hakunamatata.com\\\/#website\",\"url\":\"https:\\\/\\\/www.rafting-hakunamatata.com\\\/\",\"name\":\"Hakuna Matata Rafting - Embrun Durance\",\"description\":\"Rafting, Airboat, Hydrospeed, Stand-up Paddle G\u00e9ant, Embarquez pour l&#039;aventure !\",\"publisher\":{\"@id\":\"https:\\\/\\\/www.rafting-hakunamatata.com\\\/#organization\"},\"potentialAction\":[{\"@type\":\"SearchAction\",\"target\":{\"@type\":\"EntryPoint\",\"urlTemplate\":\"https:\\\/\\\/www.rafting-hakunamatata.com\\\/?s={search_term_string}\"},\"query-input\":{\"@type\":\"PropertyValueSpecification\",\"valueRequired\":true,\"valueName\":\"search_term_string\"}}],\"inLanguage\":\"en-GB\"},{\"@type\":\"Organization\",\"@id\":\"https:\\\/\\\/www.rafting-hakunamatata.com\\\/#organization\",\"name\":\"Hakuna Matata Rafting\",\"url\":\"https:\\\/\\\/www.rafting-hakunamatata.com\\\/\",\"logo\":{\"@type\":\"ImageObject\",\"inLanguage\":\"en-GB\",\"@id\":\"https:\\\/\\\/www.rafting-hakunamatata.com\\\/#\\\/schema\\\/logo\\\/image\\\/\",\"url\":\"https:\\\/\\\/www.rafting-hakunamatata.com\\\/wp-content\\\/uploads\\\/2021\\\/01\\\/hakuna matata logo-scaled.jpg\",\"contentUrl\":\"https:\\\/\\\/www.rafting-hakunamatata.com\\\/wp-content\\\/uploads\\\/2021\\\/01\\\/hakuna matata logo-scaled.jpg\",\"width\":2560,\"height\":705,\"caption\":\"Hakuna Matata Rafting\"},\"image\":{\"@id\":\"https:\\\/\\\/www.rafting-hakunamatata.com\\\/#\\\/schema\\\/logo\\\/image\\\/\"},\"sameAs\":[\"https:\\\/\\\/www.facebook.com\\\/Hakuna-Matata-Rafting-306564366088162\\\/\",\"https:\\\/\\\/www.instagram.com\\\/hakunamatatarafting\\\/\",\"http:\\\/\\\/www.youtube.com\\\/channel\\\/UCXjzsvWJUT6Vq1NX6bNWyIg\\\/videos\"]}]}<\/script>\n<!-- \/ Yoast SEO plugin. -->","yoast_head_json":{"title":"Hakuna matata rafting des passionn\u00e9s d'eaux vives \u00e0 Embrun et aux Orres","description":"Hakuna matata rafting, une petite \u00e9quipe de passionn\u00e9s des offres de prestations eaux vives sur mesure et personnalis\u00e9es","robots":{"index":"index","follow":"follow","max-snippet":"max-snippet:-1","max-image-preview":"max-image-preview:large","max-video-preview":"max-video-preview:-1"},"canonical":"https:\/\/www.rafting-hakunamatata.com\/en\/qui-sommes-nous\/","og_locale":"en_GB","og_type":"article","og_title":"Hakuna matata rafting des passionn\u00e9s d'eaux vives \u00e0 Embrun et aux Orres","og_description":"Hakuna matata rafting, une petite \u00e9quipe de passionn\u00e9s des offres de prestations eaux vives sur mesure et personnalis\u00e9es","og_url":"https:\/\/www.rafting-hakunamatata.com\/en\/qui-sommes-nous\/","og_site_name":"Hakuna Matata Rafting - Embrun Durance","article_publisher":"https:\/\/www.facebook.com\/Hakuna-Matata-Rafting-306564366088162\/","article_modified_time":"2025-02-01T07:48:02+00:00","og_image":[{"width":2560,"height":1709,"url":"https:\/\/www.rafting-hakunamatata.com\/wp-content\/uploads\/2021\/03\/DSC_4717-scaled.jpg","type":"image\/jpeg"}],"twitter_card":"summary_large_image","twitter_misc":{"Estimated reading time":"6 minutes"},"schema":{"@context":"https:\/\/schema.org","@graph":[{"@type":"WebPage","@id":"https:\/\/www.rafting-hakunamatata.com\/qui-sommes-nous\/","url":"https:\/\/www.rafting-hakunamatata.com\/qui-sommes-nous\/","name":"Hakuna matata rafting des passionn\u00e9s d'eaux vives \u00e0 Embrun et aux Orres","isPartOf":{"@id":"https:\/\/www.rafting-hakunamatata.com\/#website"},"datePublished":"2017-12-22T12:49:36+00:00","dateModified":"2025-02-01T07:48:02+00:00","description":"Hakuna matata rafting, une petite \u00e9quipe de passionn\u00e9s des offres de prestations eaux vives sur mesure et personnalis\u00e9es","breadcrumb":{"@id":"https:\/\/www.rafting-hakunamatata.com\/qui-sommes-nous\/#breadcrumb"},"inLanguage":"en-GB","potentialAction":[{"@type":"ReadAction","target":["https:\/\/www.rafting-hakunamatata.com\/qui-sommes-nous\/"]}]},{"@type":"BreadcrumbList","@id":"https:\/\/www.rafting-hakunamatata.com\/qui-sommes-nous\/#breadcrumb","itemListElement":[{"@type":"ListItem","position":1,"name":"Accueil","item":"https:\/\/www.rafting-hakunamatata.com\/"},{"@type":"ListItem","position":2,"name":"Qui sommes-nous ?"}]},{"@type":"WebSite","@id":"https:\/\/www.rafting-hakunamatata.com\/#website","url":"https:\/\/www.rafting-hakunamatata.com\/","name":"Hakuna Matata Rafting - Embrun Durance","description":"Rafting, Airboat, Hydrospeed, Stand-up Paddle G\u00e9ant, Embarquez pour l&#039;aventure !","publisher":{"@id":"https:\/\/www.rafting-hakunamatata.com\/#organization"},"potentialAction":[{"@type":"SearchAction","target":{"@type":"EntryPoint","urlTemplate":"https:\/\/www.rafting-hakunamatata.com\/?s={search_term_string}"},"query-input":{"@type":"PropertyValueSpecification","valueRequired":true,"valueName":"search_term_string"}}],"inLanguage":"en-GB"},{"@type":"Organization","@id":"https:\/\/www.rafting-hakunamatata.com\/#organization","name":"Hakuna Matata Rafting","url":"https:\/\/www.rafting-hakunamatata.com\/","logo":{"@type":"ImageObject","inLanguage":"en-GB","@id":"https:\/\/www.rafting-hakunamatata.com\/#\/schema\/logo\/image\/","url":"https:\/\/www.rafting-hakunamatata.com\/wp-content\/uploads\/2021\/01\/hakuna matata logo-scaled.jpg","contentUrl":"https:\/\/www.rafting-hakunamatata.com\/wp-content\/uploads\/2021\/01\/hakuna matata logo-scaled.jpg","width":2560,"height":705,"caption":"Hakuna Matata Rafting"},"image":{"@id":"https:\/\/www.rafting-hakunamatata.com\/#\/schema\/logo\/image\/"},"sameAs":["https:\/\/www.facebook.com\/Hakuna-Matata-Rafting-306564366088162\/","https:\/\/www.instagram.com\/hakunamatatarafting\/","http:\/\/www.youtube.com\/channel\/UCXjzsvWJUT6Vq1NX6bNWyIg\/videos"]}]}},"_links":{"self":[{"href":"https:\/\/www.rafting-hakunamatata.com\/en\/wp-json\/wp\/v2\/pages\/93","targetHints":{"allow":["GET"]}}],"collection":[{"href":"https:\/\/www.rafting-hakunamatata.com\/en\/wp-json\/wp\/v2\/pages"}],"about":[{"href":"https:\/\/www.rafting-hakunamatata.com\/en\/wp-json\/wp\/v2\/types\/page"}],"author":[{"embeddable":true,"href":"https:\/\/www.rafting-hakunamatata.com\/en\/wp-json\/wp\/v2\/users\/1"}],"replies":[{"embeddable":true,"href":"https:\/\/www.rafting-hakunamatata.com\/en\/wp-json\/wp\/v2\/comments?post=93"}],"version-history":[{"count":13,"href":"https:\/\/www.rafting-hakunamatata.com\/en\/wp-json\/wp\/v2\/pages\/93\/revisions"}],"predecessor-version":[{"id":4657,"href":"https:\/\/www.rafting-hakunamatata.com\/en\/wp-json\/wp\/v2\/pages\/93\/revisions\/4657"}],"wp:attachment":[{"href":"https:\/\/www.rafting-hakunamatata.com\/en\/wp-json\/wp\/v2\/media?parent=93"}],"curies":[{"name":"wp","href":"https:\/\/api.w.org\/{rel}","templated":true}]}}